{"id":4079,"date":"2024-09-10T17:06:40","date_gmt":"2024-09-10T16:06:40","guid":{"rendered":"https:\/\/www.tree-mc.com\/?page_id=4079"},"modified":"2024-09-10T17:45:12","modified_gmt":"2024-09-10T16:45:12","slug":"widerrufserklaerung","status":"publish","type":"page","link":"https:\/\/www.tree-mc.com\/en\/widerrufserklaerung\/","title":{"rendered":"Cancellation policy"},"content":{"rendered":"<div data-elementor-type=\"wp-page\" data-elementor-id=\"4079\" class=\"elementor elementor-4079\" data-elementor-post-type=\"page\">\n\t\t\t\t<div class=\"has_eae_slider elementor-element elementor-element-d04824d e-con-full e-flex e-con e-parent\" data-eae-slider=\"76569\" data-id=\"d04824d\" data-element_type=\"container\" data-e-type=\"container\" data-settings=\"{&quot;jet_parallax_layout_list&quot;:[]}\">\n\t\t\t\t<div class=\"elementor-element elementor-element-0eb15ad elementor-widget elementor-widget-menu-anchor\" data-id=\"0eb15ad\" data-element_type=\"widget\" data-e-type=\"widget\" data-widget_type=\"menu-anchor.default\">\n\t\t\t\t<div class=\"elementor-widget-container\">\n\t\t\t\t\t\t\t<div class=\"elementor-menu-anchor\" id=\"top\"><\/div>\n\t\t\t\t\t\t<\/div>\n\t\t\t\t<\/div>\n\t\t<div class=\"has_eae_slider elementor-element elementor-element-34ec33d e-con-full e-flex elementor-invisible e-con e-child\" data-eae-slider=\"16845\" data-id=\"34ec33d\" data-element_type=\"container\" data-e-type=\"container\" data-settings=\"{&quot;jet_parallax_layout_list&quot;:[],&quot;background_background&quot;:&quot;video&quot;,&quot;animation&quot;:&quot;fadeIn&quot;,&quot;background_video_link&quot;:&quot;https:\\\/\\\/www.tree-mc.com\\\/wp-content\\\/uploads\\\/2023\\\/12\\\/Hauptclip_5-1.mp4&quot;,&quot;background_play_on_mobile&quot;:&quot;yes&quot;}\">\n\t\t<div class=\"elementor-background-video-container\">\n\t\t\t\t\t\t\t<video class=\"elementor-background-video-hosted\" role=\"presentation\" autoplay muted playsinline loop><\/video>\n\t\t\t\t\t<\/div>\t\t<div class=\"elementor-element elementor-element-0579a9d elementor-widget elementor-widget-heading\" data-id=\"0579a9d\" data-element_type=\"widget\" data-e-type=\"widget\" data-widget_type=\"heading.default\">\n\t\t\t\t<div class=\"elementor-widget-container\">\n\t\t\t\t\t<h1 class=\"elementor-heading-title elementor-size-default\">TrEE Management Company<\/h1>\t\t\t\t<\/div>\n\t\t\t\t<\/div>\n\t\t\t\t<div class=\"elementor-element elementor-element-f686718 elementor-widget elementor-widget-heading\" data-id=\"f686718\" data-element_type=\"widget\" data-e-type=\"widget\" data-widget_type=\"heading.default\">\n\t\t\t\t<div class=\"elementor-widget-container\">\n\t\t\t\t\t<h2 class=\"elementor-heading-title elementor-size-default\">Travel &amp; Event Experts<\/h2>\t\t\t\t<\/div>\n\t\t\t\t<\/div>\n\t\t\t\t<\/div>\n\t\t<div class=\"has_eae_slider elementor-element elementor-element-cbe2efb e-flex e-con-boxed e-con e-child\" data-eae-slider=\"13274\" data-id=\"cbe2efb\" data-element_type=\"container\" data-e-type=\"container\" data-settings=\"{&quot;jet_parallax_layout_list&quot;:[]}\">\n\t\t\t\t\t<div class=\"e-con-inner\">\n\t\t\t\t<div class=\"elementor-element elementor-element-875b42b elementor-widget elementor-widget-text-editor\" data-id=\"875b42b\" data-element_type=\"widget\" data-e-type=\"widget\" data-widget_type=\"text-editor.default\">\n\t\t\t\t<div class=\"elementor-widget-container\">\n\t\t\t\t\t\t\t\t\t<h3>Cancellation policy<\/h3><h4>Preamble:<\/h4><p>Consumers have a right of cancellation in accordance with the following provisions, whereby a consumer is any natural person who concludes a legal transaction for purposes that can predominantly not be attributed to their commercial or independent professional activity:<br \/><br \/><\/p><h4>Cancellation right:<\/h4><p class=\"translation-block\">You have the right to cancel this contract within fourteen days without giving any reason. The cancellation period shall be fourteen days from the day on which you or a third party other than the carrier designated by you takes possession of the goods.<\/p><p class=\"translation-block\">To exercise your right of cancellation, you must inform us (TrEE Management Company - Travel &amp; Events GmbH, Hundweg 5, 77799 Ortenberg, telephone: +49 781 94 84 482, email: info@tree-mc.com) of your decision to cancel this contract by means of a clear declaration (e.g. a letter sent by post or email). You can use the attached sample cancellation form for this purpose, although this is not mandatory. To meet the cancellation deadline, it is sufficient that you send the notification of the exercise of the right of cancellation before the cancellation period has expired.<\/p><h4>Consequences of cancellation:<\/h4><p class=\"translation-block\">If you cancel this contract, we will refund all payments that we have received from you, including delivery costs (with the exception of the additional costs resulting from the fact that you have chosen a different type of delivery than the cheapest standard delivery offered by us), immediately and at the latest within fourteen days from the day on which we received notification of your cancellation of this contract. For this refund, we will use the same means of payment that you used for the original transaction, unless something else was expressly agreed with you; under no circumstances will you be charged any fees for this refund. If you have requested that the service should begin during the cancellation period, you must pay us an appropriate amount corresponding to the proportion of the services already provided up to the point at which you notify us of the exercise of the right of cancellation with regard to this contract compared to the total scope of the services provided for in the contract.<\/p><h4>Cancellation form template:<\/h4><p>If you want to cancel the contract, please fill out this form and send it back to:<\/p><p>TrEE Management Company \u2013<br \/>Travel &amp; Events GmbH<br \/>Hundweg 5<br \/>77799 Ortenberg<br \/>Germany<\/p><p>Email: info@tree-mc.com<\/p>\t\t\t\t\t\t\t\t<\/div>\n\t\t\t\t<\/div>\n\t\t\t\t<div class=\"elementor-element elementor-element-1da5d0c elementor-widget elementor-widget-text-editor\" data-id=\"1da5d0c\" data-element_type=\"widget\" data-e-type=\"widget\" data-widget_type=\"text-editor.default\">\n\t\t\t\t<div class=\"elementor-widget-container\">\n\t\t\t\t\t\t\t\t\t<p>I\/we (*) hereby cancel the contract concluded by me\/us (*) for the purchase of the following goods (*)\/the provision of the following service (*)<\/p>\n<p>_______________________________<\/p>\n<p>_______________________________<\/p>\n<p>Ordered on (*) __________________<\/p>\n<p>received on (*) __________________<\/p>\n<p>_______________________________<br>Name of the consumer(s)<\/p>\n<p>_______________________________<br>Address of the consumer(s)<\/p>\n<p>_______________________________<br>Signature of the consumer(s) (only if notification is made on paper)<\/p>\n<p>_________________________<br>Date<br>(*) Delete as appropriate<\/p>\t\t\t\t\t\t\t\t<\/div>\n\t\t\t\t<\/div>\n\t\t\t\t\t<\/div>\n\t\t\t\t<\/div>\n\t\t\t\t<\/div>\n\t\t\t\t<\/div>","protected":false},"excerpt":{"rendered":"<p>TrEE Management Company Travel &#038; Event Experts Widerrufsbelehrung Pr\u00e4ambel: Verbrauchern steht ein Widerrufsrecht nachfolgender Ma\u00dfgabe zu, wobei Verbraucher jede nat\u00fcrliche Person ist, die ein Rechtsgesch\u00e4ft zu Zwecken abschlie\u00dft, die \u00fcberwiegend weder ihrer gewerblichen noch ihrer selbst\u00e4ndigen beruflichen T\u00e4tigkeit zugerechnet werden k\u00f6nnen: Widerrufsrecht: Sie haben das Recht, binnen vierzehn Tagen ohne Angabe von Gr\u00fcnden diesen Vertrag [&hellip;]<\/p>\n","protected":false},"author":3,"featured_media":0,"parent":0,"menu_order":0,"comment_status":"closed","ping_status":"closed","template":"","meta":{"_jet_sm_ready_style":"","_jet_sm_style":"","_jet_sm_controls_values":"","_jet_sm_fonts_collection":"","_jet_sm_fonts_links":"","footnotes":""},"class_list":["post-4079","page","type-page","status-publish","hentry"],"_links":{"self":[{"href":"https:\/\/www.tree-mc.com\/en\/wp-json\/wp\/v2\/pages\/4079","targetHints":{"allow":["GET"]}}],"collection":[{"href":"https:\/\/www.tree-mc.com\/en\/wp-json\/wp\/v2\/pages"}],"about":[{"href":"https:\/\/www.tree-mc.com\/en\/wp-json\/wp\/v2\/types\/page"}],"author":[{"embeddable":true,"href":"https:\/\/www.tree-mc.com\/en\/wp-json\/wp\/v2\/users\/3"}],"replies":[{"embeddable":true,"href":"https:\/\/www.tree-mc.com\/en\/wp-json\/wp\/v2\/comments?post=4079"}],"version-history":[{"count":25,"href":"https:\/\/www.tree-mc.com\/en\/wp-json\/wp\/v2\/pages\/4079\/revisions"}],"predecessor-version":[{"id":4111,"href":"https:\/\/www.tree-mc.com\/en\/wp-json\/wp\/v2\/pages\/4079\/revisions\/4111"}],"wp:attachment":[{"href":"https:\/\/www.tree-mc.com\/en\/wp-json\/wp\/v2\/media?parent=4079"}],"curies":[{"name":"wp","href":"https:\/\/api.w.org\/{rel}","templated":true}]}}