{"id":1659,"date":"2021-12-30T15:00:37","date_gmt":"2021-12-30T15:00:37","guid":{"rendered":"https:\/\/www.tree-mc.com\/privacy-policy\/"},"modified":"2024-02-26T16:56:16","modified_gmt":"2024-02-26T15:56:16","slug":"privacy-policy-2","status":"publish","type":"page","link":"https:\/\/www.tree-mc.com\/en\/privacy-policy-2\/","title":{"rendered":"Privacy policy"},"content":{"rendered":"\t\t<div data-elementor-type=\"wp-page\" data-elementor-id=\"1659\" class=\"elementor elementor-1659\" data-elementor-post-type=\"page\">\n\t\t\t\t<div class=\"has_eae_slider elementor-element elementor-element-81cf2b4 e-flex e-con-boxed e-con e-parent\" data-eae-slider=\"75643\" data-id=\"81cf2b4\" data-element_type=\"container\" data-e-type=\"container\" data-settings=\"{&quot;jet_parallax_layout_list&quot;:[]}\">\n\t\t\t\t\t<div class=\"e-con-inner\">\n\t\t\t\t<div class=\"elementor-element elementor-element-b40d6c3 elementor-widget elementor-widget-menu-anchor\" data-id=\"b40d6c3\" data-element_type=\"widget\" data-e-type=\"widget\" data-widget_type=\"menu-anchor.default\">\n\t\t\t\t<div class=\"elementor-widget-container\">\n\t\t\t\t\t\t\t<div class=\"elementor-menu-anchor\" id=\"top\"><\/div>\n\t\t\t\t\t\t<\/div>\n\t\t\t\t<\/div>\n\t\t\t\t\t<\/div>\n\t\t\t\t<\/div>\n\t\t<div class=\"has_eae_slider elementor-element elementor-element-308a544 e-con-full e-flex elementor-invisible e-con e-parent\" data-eae-slider=\"70121\" data-id=\"308a544\" data-element_type=\"container\" data-e-type=\"container\" data-settings=\"{&quot;jet_parallax_layout_list&quot;:[],&quot;background_background&quot;:&quot;video&quot;,&quot;animation&quot;:&quot;fadeIn&quot;,&quot;background_video_link&quot;:&quot;https:\\\/\\\/www.tree-mc.com\\\/wp-content\\\/uploads\\\/2023\\\/12\\\/Hauptclip_5-1.mp4&quot;,&quot;background_play_on_mobile&quot;:&quot;yes&quot;}\">\n\t\t<div class=\"elementor-background-video-container\">\n\t\t\t\t\t\t\t<video class=\"elementor-background-video-hosted\" role=\"presentation\" autoplay muted playsinline loop><\/video>\n\t\t\t\t\t<\/div>\t\t<div class=\"elementor-element elementor-element-3ecc263 elementor-widget elementor-widget-heading\" data-id=\"3ecc263\" data-element_type=\"widget\" data-e-type=\"widget\" data-widget_type=\"heading.default\">\n\t\t\t\t<div class=\"elementor-widget-container\">\n\t\t\t\t\t<h1 class=\"elementor-heading-title elementor-size-default\">TrEE Management Company<\/h1>\t\t\t\t<\/div>\n\t\t\t\t<\/div>\n\t\t\t\t<div class=\"elementor-element elementor-element-ea57e3c elementor-widget elementor-widget-heading\" data-id=\"ea57e3c\" data-element_type=\"widget\" data-e-type=\"widget\" data-widget_type=\"heading.default\">\n\t\t\t\t<div class=\"elementor-widget-container\">\n\t\t\t\t\t<h2 class=\"elementor-heading-title elementor-size-default\">Travel &amp; Event Experts<\/h2>\t\t\t\t<\/div>\n\t\t\t\t<\/div>\n\t\t\t\t<\/div>\n\t\t<div class=\"has_eae_slider elementor-element elementor-element-3e0b9909 e-flex e-con-boxed e-con e-parent\" data-eae-slider=\"43801\" data-id=\"3e0b9909\" data-element_type=\"container\" data-e-type=\"container\" data-settings=\"{&quot;jet_parallax_layout_list&quot;:[]}\">\n\t\t\t\t\t<div class=\"e-con-inner\">\n\t\t\t\t<div class=\"elementor-element elementor-element-61821b62 elementor-widget elementor-widget-text-editor\" data-id=\"61821b62\" data-element_type=\"widget\" data-e-type=\"widget\" data-widget_type=\"text-editor.default\">\n\t\t\t\t<div class=\"elementor-widget-container\">\n\t\t\t\t\t\t\t\t\t<h2>Datenschutzerkl\u00e4rung<\/h2>\nVielen Dank f\u00fcr Ihren Besuch auf unserer Website. Im Folgenden informieren wir Sie \u00fcber den Umgang mit Ihren personenbezogenen Daten bei Nutzung unserer Website: Ihre personenbezogenen Daten werden nur im Einklang mit den geltenden Datenschutzbestimmungen (EU-Datenschutzgrundverordnung &#8211; DSGVO und Bundesdatenschutzgesetz &#8211; BDSG) und dieser Datenschutzerkl\u00e4rung erhoben, genutzt und verarbeitet.\n<h4>Erhebung und Nutzung von personenbezogenen Daten<\/h4>\nWenn Sie unsere Website besuchen und\/oder mit uns in Kontakt treten (z.B. per Kontaktformular oder E-Mail), werden bestimmte personenbezogene Daten von uns erhoben. Diese Informationen k\u00f6nnen unter anderem sein: E-Mail Adresse Vorname und Nachname Benutzungsdaten Diese Daten werden ausschlie\u00dflich zur Beantwortung Ihrer Anfragen bzw. zur Kontaktaufnahme und f\u00fcr die damit verbundene technische Administration dieser Website gespeichert und genutzt. Die von uns erhobenen personenbezogenen Daten werden nicht an Dritte weitergegeben. Unter Umst\u00e4nden sind wir jedoch gezwungen, Ihre personenbezogenen Daten offen zu legen, wenn dies gesetzlich vorgeschrieben ist oder auf begr\u00fcndete Anfrage von Beh\u00f6rden (z.B. einem Gericht oder einer Regierungsbeh\u00f6rde).\n<h4>Sicherheit Ihrer pers\u00f6nlichen Daten<\/h4>\nDie Sicherheit Ihrer pers\u00f6nlichen Daten ist uns wichtig, aber bedenken Sie, dass keine Methode der \u00dcbertragung \u00fcber das Internet oder der elektronischen Speicherung 100% sicher ist. Wir bem\u00fchen uns zwar, Ihre personenbezogenen Daten mit wirtschaftlich vertretbaren Mitteln zu sch\u00fctzen, k\u00f6nnen aber keine absolute Sicherheit garantieren.\n<h4>Cookies<\/h4>\nAuf dieser Website werden nur technische Cookies verwendet, um die Benutzerfreundlichkeit zu verbessern.\n<h4>Links zu anderen Websites<\/h4>\nUnser Service kann Links zu anderen Websites enthalten, die nicht von uns betrieben werden. Wenn Sie auf einen Link eines Dritten klicken, werden Sie auf die Website dieses Dritten weitergeleitet. Wir empfehlen Ihnen dringend, die Datenschutzrichtlinien jeder von Ihnen besuchten Website zu lesen. Wir haben keine Kontrolle \u00fcber und \u00fcbernehmen keine Verantwortung f\u00fcr den Inhalt, die Datenschutzrichtlinien oder Praktiken von Websites oder Diensten Dritter.\n<h4>Google Analytics 4<\/h4>\nSoweit Sie Ihre Einwilligung erkl\u00e4rt haben, wird auf dieser Website Google Analytics 4 eingesetzt, ein Webanalysedienst der Google LLC. Verantwortliche Stelle f\u00fcr Nutzer in der EU\/ dem EWR und der Schweiz ist Google Ireland Limited, Google Building Gordon House, 4 Barrow St, Dublin, D04 E5W5, Irland (\u201eGoogle\u201c).\n<h5>Art und Zweck der Verarbeitung<\/h5>\nGoogle Analytics verwendet Cookies, die eine Analyse der Benutzung unserer Webseiten durch Sie erm\u00f6glichen. Die mittels der Cookies erhobenen Informationen \u00fcber Ihre Benutzung dieser Website werden in der Regel an einen Server von Google in den USA \u00fcbertragen und dort gespeichert.\n\nWir nutzen die Funktion User-ID. Mithilfe der User ID k\u00f6nnen wir einer oder mehreren Sitzungen (und den Aktivit\u00e4ten innerhalb dieser Sitzungen) eine eindeutige, dauerhafte ID zuweisen und Nutzerverhalten ger\u00e4te\u00fcbergreifend analysieren.\n\nBei Google Analytics 4 ist die Anonymisierung von IP-Adressen standardm\u00e4\u00dfig aktiviert. Aufgrund der IP-Anonymisierung wird Ihre IP-Adresse von Google innerhalb von Mitgliedstaaten der Europ\u00e4ischen Union oder in anderen Vertragsstaaten des Abkommens \u00fcber den Europ\u00e4ischen Wirtschaftsraum gek\u00fcrzt. Nur in Ausnahmef\u00e4llen wird die volle IP-Adresse an einen Server von Google in den USA \u00fcbertragen und dort gek\u00fcrzt. Die im Rahmen von Google Analytics von Ihrem Browser \u00fcbermittelte IP-Adresse wird laut Google nicht mit anderen Daten von Google zusammengef\u00fchrt.\nW\u00e4hrend Ihres Website-Besuchs wird Ihr Nutzerverhalten in Form von \u201eEreignissen\u201c erfasst. Ereignisse k\u00f6nnen sein:\n<ul>\n \t<li>Seitenaufrufe<\/li>\n \t<li>Erstmaliger Besuch der Website<\/li>\n \t<li>Start der Sitzung<\/li>\n \t<li>Besuchte Webseiten<\/li>\n \t<li>Ihr \u201eKlickpfad\u201c, Interaktion mit der Website<\/li>\n \t<li>Scrolls (immer wenn ein Nutzer bis zum Seitenende (90%) scrollt)<\/li>\n \t<li>Klicks auf externe Links<\/li>\n \t<li>interne Suchanfragen<\/li>\n \t<li>Interaktion mit Videos<\/li>\n \t<li>Dateidownloads<\/li>\n \t<li>gesehene \/ angeklickte Anzeigen<\/li>\n \t<li>Spracheinstellung<\/li>\n<\/ul>\nAu\u00dferdem wird erfasst:\n<ul>\n \t<li>Ihr ungef\u00e4hrer Standort (Region)<\/li>\n \t<li>Datum und Uhrzeit des Besuchs<\/li>\n \t<li>Ihre IP-Adresse (in gek\u00fcrzter Form)<\/li>\n \t<li>technische Informationen zu Ihrem Browser und den von Ihnen genutzten Endger\u00e4ten (z.B. Spracheinstellung, Bildschirmaufl\u00f6sung)<\/li>\n \t<li>Ihr Internetanbieter<\/li>\n \t<li>die Referrer-URL (\u00fcber welche Website\/ \u00fcber welches Werbemittel Sie auf diese Website gekommen sind)<\/li>\n<\/ul>\n<h5>Zwecke der Verarbeitung<\/h5>\nIm Auftrag des Betreibers dieser Website wird Google diese Informationen benutzen, um Ihre [pseudonyme [NICHT BEI NUTZUNG VON USER-ID]] Nutzung der Website auszuwerten und um Reports \u00fcber die Website-Aktivit\u00e4ten zusammenzustellen. Die durch Google Analytics bereitgestellten Reports dienen der Analyse der Leistung unserer Website [OPTIONAL: und des Erfolgs unserer Marketing-Kampagnen].\n<h5>Empf\u00e4nger<\/h5>\nEmpf\u00e4nger der Daten sind\/k\u00f6nnen sein\n<ul>\n \t<li>Google Ireland Limited, Gordon House, Barrow Street, Dublin 4, Irland (als Auftragsverarbeiter nach Art. 28 DSGVO)<\/li>\n \t<li>Google LLC, 1600 Amphitheatre Parkway Mountain View, CA 94043, USA<\/li>\n \t<li>Alphabet Inc., 1600 Amphitheatre Parkway Mountain View, CA 94043, USA<\/li>\n<\/ul>\n<h5>Drittlandtransfer<\/h5>\nF\u00fcr die USA hat die Europ\u00e4ische Kommission am 10.Juli 2023 ihren Angemessenheitsbeschluss angenommen. Google LLC ist nach dem EU-US Privacy Framework zertifiziert. Da Google-Server weltweit verteilt sind und eine \u00dcbertragung in Drittl\u00e4nder (beispielsweise nach Singapur) nicht v\u00f6llig ausgeschlossen werden kann, haben wir mit dem Anbieter zudem die\u00a0<a href=\"https:\/\/business.safety.google\/adsprocessorterms\/sccs\/eu-c2p\/\" target=\"_blank\" rel=\"noopener\">EU-Standardvertragsklauseln<\/a>\u00a0abgeschlossen.\n<h5>Speicherdauer<\/h5>\nDie von uns gesendeten und mit Cookies verkn\u00fcpften Daten werden nach 2 [ODER: 14 Monaten] automatisch gel\u00f6scht. Die maximale Lebensdauer der Google Analytics Cookies betr\u00e4gt 2 Jahre. Die L\u00f6schung von Daten, deren Aufbewahrungsdauer erreicht ist, erfolgt automatisch einmal im Monat.\n<h5>Rechtsgrundlage<\/h5>\nRechtsgrundlage f\u00fcr diese Datenverarbeitung ist Ihre Einwilligung gem. Art.6 Abs.1 S.1 lit.a DSGVO und \u00a7 25 Abs. 1 S.1 TTDSG.\n<h5>Widerruf<\/h5>\nSie k\u00f6nnen Ihre Einwilligung jederzeit mit Wirkung f\u00fcr die Zukunft widerrufen, indem Sie die Cookie-Einstellungen [HIER DEN LINK ZU DEN EINSTELLUNGSM\u00d6GLICHKEITEN DES CONSENT-TOOLS SETZEN] aufrufen und dort Ihre Auswahl \u00e4ndern. Die Rechtm\u00e4\u00dfigkeit der aufgrund der Einwilligung bis zum Widerruf erfolgten Verarbeitung bleibt davon unber\u00fchrt.\n\nSie k\u00f6nnen die Speicherung von Cookies auch von vornherein durch eine entsprechende Einstellung Ihrer Browser-Software verhindern. Wenn Sie Ihren Browser so konfigurieren, dass alle Cookies abgelehnt werden, kann es jedoch zu Einschr\u00e4nkung von Funktionalit\u00e4ten auf dieser und anderen Websites kommen. Sie k\u00f6nnen dar\u00fcber hinaus die Erfassung der durch das Cookie erzeugten und auf Ihre Nutzung der Website bezogenen Daten (inkl. Ihrer IP-Adresse) an Google sowie die Verarbeitung dieser Daten durch Google verhindern, indem Sie\n\na. Ihre Einwilligung in das Setzen des Cookies nicht erteilen oder\nb. das Browser-Add-on zur Deaktivierung von Google Analytics\u00a0<a href=\"https:\/\/tools.google.com\/dlpage\/gaoptout?hl=de\" target=\"_blank\" rel=\"noopener\">HIER<\/a>\u00a0herunterladen und installieren.\n\nN\u00e4here Informationen zu Nutzungsbedingungen von Google Analytics und zum Datenschutz bei Google finden Sie unter\u00a0<a href=\"https:\/\/marketingplatform.google.com\/about\/analytics\/terms\/de\/\" target=\"_blank\" rel=\"noopener\">https:\/\/marketingplatform.google.com\/about\/analytics\/terms\/de\/<\/a>\u00a0und unter\u00a0<a href=\"https:\/\/policies.google.com\/?hl=de\" target=\"_blank\" rel=\"noopener\">https:\/\/policies.google.com\/?hl=de<\/a>.\n<h4>\u00c4nderungen an dieser Datenschutzrichtlinie<\/h4>\nWir k\u00f6nnen unsere Datenschutzrichtlinie von Zeit zu Zeit aktualisieren. Wir werden Sie \u00fcber alle \u00c4nderungen informieren, indem wir die neuen Datenschutzrichtlinien auf dieser Seite ver\u00f6ffentlichen. Wir informieren Sie per E-Mail und\/oder durch einen auff\u00e4lligen Hinweis in unserem Service, bevor die \u00c4nderung in Kraft tritt, und aktualisieren das Datum der letzten Aktualisierung&#8220; am Ende dieser Datenschutzrichtlinie. Wir empfehlen Ihnen, diese Datenschutzrichtlinie regelm\u00e4\u00dfig auf \u00c4nderungen zu \u00fcberpr\u00fcfen. \u00c4nderungen an dieser Datenschutzrichtlinie treten in Kraft, wenn sie auf dieser Seite ver\u00f6ffentlicht werden.\n<h4>Kontakt<\/h4>\nWenn Sie weitere Fragen zu dieser Datenschutzrichtlinie haben, sind wir gerne f\u00fcr Sie da:\n\nE-Mail: info@tree-mc.com\n\nTelefon: +49 174 984 2124\n\n(Letzte Aktualisierung: 13. Januar 2022)\t\t\t\t\t\t\t\t<\/div>\n\t\t\t\t<\/div>\n\t\t\t\t\t<\/div>\n\t\t\t\t<\/div>\n\t\t\t\t<\/div>\n\t\t","protected":false},"excerpt":{"rendered":"<p>TrEE Management Company Travel &#038; Event Experts Datenschutzerkl\u00e4rung Vielen Dank f\u00fcr Ihren Besuch auf unserer Website. Im Folgenden informieren wir Sie \u00fcber den Umgang mit Ihren personenbezogenen Daten bei Nutzung unserer Website: Ihre personenbezogenen Daten werden nur im Einklang mit den geltenden Datenschutzbestimmungen (EU-Datenschutzgrundverordnung &#8211; DSGVO und Bundesdatenschutzgesetz &#8211; BDSG) und dieser Datenschutzerkl\u00e4rung erhoben, genutzt [&hellip;]<\/p>\n","protected":false},"author":1,"featured_media":0,"parent":0,"menu_order":0,"comment_status":"closed","ping_status":"open","template":"","meta":{"_jet_sm_ready_style":"","_jet_sm_style":"","_jet_sm_controls_values":"","_jet_sm_fonts_collection":"","_jet_sm_fonts_links":"","footnotes":""},"class_list":["post-1659","page","type-page","status-publish","hentry"],"_links":{"self":[{"href":"https:\/\/www.tree-mc.com\/en\/wp-json\/wp\/v2\/pages\/1659","targetHints":{"allow":["GET"]}}],"collection":[{"href":"https:\/\/www.tree-mc.com\/en\/wp-json\/wp\/v2\/pages"}],"about":[{"href":"https:\/\/www.tree-mc.com\/en\/wp-json\/wp\/v2\/types\/page"}],"author":[{"embeddable":true,"href":"https:\/\/www.tree-mc.com\/en\/wp-json\/wp\/v2\/users\/1"}],"replies":[{"embeddable":true,"href":"https:\/\/www.tree-mc.com\/en\/wp-json\/wp\/v2\/comments?post=1659"}],"version-history":[{"count":18,"href":"https:\/\/www.tree-mc.com\/en\/wp-json\/wp\/v2\/pages\/1659\/revisions"}],"predecessor-version":[{"id":4031,"href":"https:\/\/www.tree-mc.com\/en\/wp-json\/wp\/v2\/pages\/1659\/revisions\/4031"}],"wp:attachment":[{"href":"https:\/\/www.tree-mc.com\/en\/wp-json\/wp\/v2\/media?parent=1659"}],"curies":[{"name":"wp","href":"https:\/\/api.w.org\/{rel}","templated":true}]}}